{"id":2603,"date":"2026-03-26T19:25:44","date_gmt":"2026-03-26T19:25:44","guid":{"rendered":"https:\/\/baluldelacastel.bethany.ro\/?page_id=2603"},"modified":"2026-03-26T19:42:23","modified_gmt":"2026-03-26T19:42:23","slug":"pachete-sponsorizare","status":"publish","type":"page","link":"https:\/\/baluldelacastel.bethany.ro\/en\/pachete-sponsorizare\/","title":{"rendered":"Pachete sponsorizare"},"content":{"rendered":"<div data-elementor-type=\"wp-page\" data-elementor-id=\"2603\" class=\"elementor elementor-2603\" data-elementor-post-type=\"page\">\n\t\t\t\t<div class=\"elementor-element elementor-element-40c0146 e-flex e-con-boxed e-con e-parent\" data-id=\"40c0146\" data-element_type=\"container\" data-e-type=\"container\">\n\t\t\t\t\t<div class=\"e-con-inner\">\n\t\t<div class=\"elementor-element elementor-element-20212e2 e-con-full e-flex e-con e-child\" data-id=\"20212e2\" data-element_type=\"container\" data-e-type=\"container\">\n\t\t<div class=\"elementor-element elementor-element-aab7e1d e-con-full e-flex e-con e-child\" data-id=\"aab7e1d\" data-element_type=\"container\" data-e-type=\"container\">\n\t\t\t\t<div class=\"elementor-element elementor-element-b8325fe elementor-invisible elementor-widget elementor-widget-text-editor\" data-id=\"b8325fe\" data-element_type=\"widget\" data-e-type=\"widget\" data-settings=\"{&quot;_animation&quot;:&quot;fadeIn&quot;,&quot;_animation_delay&quot;:300}\" data-widget_type=\"text-editor.default\">\n\t\t\t\t<div class=\"elementor-widget-container\">\n\t\t\t\t\t\t\t\t\tPachete de sponsorizare\t\t\t\t\t\t\t\t<\/div>\n\t\t\t\t<\/div>\n\t\t\t\t<\/div>\n\t\t\t\t<\/div>\n\t\t<div class=\"elementor-element elementor-element-ade25e8 e-con-full e-flex e-con e-child\" data-id=\"ade25e8\" data-element_type=\"container\" data-e-type=\"container\">\n\t\t\t\t<div class=\"elementor-element elementor-element-f093db5 elementor-invisible elementor-widget elementor-widget-text-editor\" data-id=\"f093db5\" data-element_type=\"widget\" data-e-type=\"widget\" data-settings=\"{&quot;_animation&quot;:&quot;fadeIn&quot;,&quot;_animation_delay&quot;:900}\" data-widget_type=\"text-editor.default\">\n\t\t\t\t<div class=\"elementor-widget-container\">\n\t\t\t\t\t\t\t\t\tBalul de La Castel reprezint\u0103 un cadru distinct dedicat responsabilit\u0103\u0163ii sociale, \u00een\ncare companiile \u00ee\u0219i pot armoniza valorile cu sprijinul unor cauze importante pentru\ncomunitate. Prin implicare, fiecare partener contribuie \u00een mod direct la\n\u00eembun\u0103t\u0103\u0163irea vie\u0163ilor copiilor \u0219i tinerilor vulnerabili \u0219i se al\u0103tur\u0103 unui demers cu\nimpact real \u0219i durabil.\t\t\t\t\t\t\t\t<\/div>\n\t\t\t\t<\/div>\n\t\t\t\t<\/div>\n\t\t\t\t\t<\/div>\n\t\t\t\t<\/div>\n\t\t<div class=\"elementor-element elementor-element-e398934 e-flex e-con-boxed e-con e-parent\" data-id=\"e398934\" data-element_type=\"container\" data-e-type=\"container\">\n\t\t\t\t\t<div class=\"e-con-inner\">\n\t\t<div class=\"elementor-element elementor-element-24a07b7 e-con-full e-flex e-con e-child\" data-id=\"24a07b7\" data-element_type=\"container\" data-e-type=\"container\">\n\t\t<div class=\"elementor-element elementor-element-e56aeee e-con-full e-flex e-con e-child\" data-id=\"e56aeee\" data-element_type=\"container\" data-e-type=\"container\">\n\t\t\t\t<div class=\"elementor-element elementor-element-e09197e elementor-invisible elementor-widget elementor-widget-text-editor\" data-id=\"e09197e\" data-element_type=\"widget\" data-e-type=\"widget\" data-settings=\"{&quot;_animation&quot;:&quot;fadeIn&quot;,&quot;_animation_delay&quot;:300}\" data-widget_type=\"text-editor.default\">\n\t\t\t\t<div class=\"elementor-widget-container\">\n\t\t\t\t\t\t\t\t\tPARTENER PRINCIPAL\t\t\t\t\t\t\t\t<\/div>\n\t\t\t\t<\/div>\n\t\t\t\t<\/div>\n\t\t\t\t<\/div>\n\t\t<div class=\"elementor-element elementor-element-e5b1f2f e-con-full e-flex e-con e-child\" data-id=\"e5b1f2f\" data-element_type=\"container\" data-e-type=\"container\">\n\t\t\t\t<div class=\"elementor-element elementor-element-77e5672 elementor-invisible elementor-widget elementor-widget-text-editor\" data-id=\"77e5672\" data-element_type=\"widget\" data-e-type=\"widget\" data-settings=\"{&quot;_animation&quot;:&quot;fadeIn&quot;,&quot;_animation_delay&quot;:900}\" data-widget_type=\"text-editor.default\">\n\t\t\t\t<div class=\"elementor-widget-container\">\n\t\t\t\t\t\t\t\t\tPartener unic\n\t\t\t\t\t\t\t\t<\/div>\n\t\t\t\t<\/div>\n\t\t\t\t<div class=\"elementor-element elementor-element-d4f13d5 elementor-invisible elementor-widget elementor-widget-text-editor\" data-id=\"d4f13d5\" data-element_type=\"widget\" data-e-type=\"widget\" data-settings=\"{&quot;_animation&quot;:&quot;fadeIn&quot;,&quot;_animation_delay&quot;:900}\" data-widget_type=\"text-editor.default\">\n\t\t\t\t<div class=\"elementor-widget-container\">\n\t\t\t\t\t\t\t\t\tContribu\u0163ie: 40.000+ EUR\t\t\t\t\t\t\t\t<\/div>\n\t\t\t\t<\/div>\n\t\t\t\t<div class=\"elementor-element elementor-element-432f0a8 elementor-invisible elementor-widget elementor-widget-text-editor\" data-id=\"432f0a8\" data-element_type=\"widget\" data-e-type=\"widget\" data-settings=\"{&quot;_animation&quot;:&quot;fadeIn&quot;,&quot;_animation_delay&quot;:900}\" data-widget_type=\"text-editor.default\">\n\t\t\t\t<div class=\"elementor-widget-container\">\n\t\t\t\t\t\t\t\t\t365 de zile de siguran\u0163\u0103 \u0219i speran\u0163\u0103 \u2013 Ca partener principal, sus\u0163ine\u0163i timp de un an\naccesul a peste 100 de copii din medii vulnerabile la educa\u0163ie, mese calde \u0219i sprijin\nemo\u0163ional \u00een centrele noastre educa\u0163ionale din mediul rural, oferindu-le \u0219ansa unui\nparcurs mai sigur \u0219i mai luminos.\t\t\t\t\t\t\t\t<\/div>\n\t\t\t\t<\/div>\n\t\t\t\t<\/div>\n\t\t\t\t\t<\/div>\n\t\t\t\t<\/div>\n\t\t<div class=\"elementor-element elementor-element-a229f25 e-flex e-con-boxed e-con e-parent\" data-id=\"a229f25\" data-element_type=\"container\" data-e-type=\"container\">\n\t\t\t\t\t<div class=\"e-con-inner\">\n\t\t<div class=\"elementor-element elementor-element-29f49a7 e-con-full e-flex e-con e-child\" data-id=\"29f49a7\" data-element_type=\"container\" data-e-type=\"container\">\n\t\t<div class=\"elementor-element elementor-element-90d1f22 e-con-full e-flex e-con e-child\" data-id=\"90d1f22\" data-element_type=\"container\" data-e-type=\"container\">\n\t\t\t\t<div class=\"elementor-element elementor-element-d78cf3f elementor-invisible elementor-widget elementor-widget-text-editor\" data-id=\"d78cf3f\" data-element_type=\"widget\" data-e-type=\"widget\" data-settings=\"{&quot;_animation&quot;:&quot;fadeIn&quot;,&quot;_animation_delay&quot;:300}\" data-widget_type=\"text-editor.default\">\n\t\t\t\t<div class=\"elementor-widget-container\">\n\t\t\t\t\t\t\t\t\tPARTENER DIAMOND\t\t\t\t\t\t\t\t<\/div>\n\t\t\t\t<\/div>\n\t\t\t\t<\/div>\n\t\t\t\t<\/div>\n\t\t<div class=\"elementor-element elementor-element-0f3618b e-con-full e-flex e-con e-child\" data-id=\"0f3618b\" data-element_type=\"container\" data-e-type=\"container\">\n\t\t\t\t<div class=\"elementor-element elementor-element-34a4583 elementor-invisible elementor-widget elementor-widget-text-editor\" data-id=\"34a4583\" data-element_type=\"widget\" data-e-type=\"widget\" data-settings=\"{&quot;_animation&quot;:&quot;fadeIn&quot;,&quot;_animation_delay&quot;:900}\" data-widget_type=\"text-editor.default\">\n\t\t\t\t<div class=\"elementor-widget-container\">\n\t\t\t\t\t\t\t\t\tContribu\u0163ie: 20.000+ EUR\t\t\t\t\t\t\t\t<\/div>\n\t\t\t\t<\/div>\n\t\t\t\t<div class=\"elementor-element elementor-element-878a45e elementor-invisible elementor-widget elementor-widget-text-editor\" data-id=\"878a45e\" data-element_type=\"widget\" data-e-type=\"widget\" data-settings=\"{&quot;_animation&quot;:&quot;fadeIn&quot;,&quot;_animation_delay&quot;:900}\" data-widget_type=\"text-editor.default\">\n\t\t\t\t<div class=\"elementor-widget-container\">\n\t\t\t\t\t\t\t\t\t365 de zile de progres \u2013 Ca Partener Diamond, contribui\u0163i la oferirea, pe parcursul\nunui an, a terapiilor esen\u0163iale pentru peste 40 de copii cu dizabilit\u0103\u0163i, sprijinindu-le\nevolu\u0163ia \u0219i \u0219ansa la o via\u0163\u0103 mai independent\u0103.\t\t\t\t\t\t\t\t<\/div>\n\t\t\t\t<\/div>\n\t\t\t\t<\/div>\n\t\t\t\t\t<\/div>\n\t\t\t\t<\/div>\n\t\t<div class=\"elementor-element elementor-element-40b3537 e-flex e-con-boxed e-con e-parent\" data-id=\"40b3537\" data-element_type=\"container\" data-e-type=\"container\">\n\t\t\t\t\t<div class=\"e-con-inner\">\n\t\t<div class=\"elementor-element elementor-element-81d21df e-con-full e-flex e-con e-child\" data-id=\"81d21df\" data-element_type=\"container\" data-e-type=\"container\">\n\t\t<div class=\"elementor-element elementor-element-75c3fed e-con-full e-flex e-con e-child\" data-id=\"75c3fed\" data-element_type=\"container\" data-e-type=\"container\">\n\t\t\t\t<div class=\"elementor-element elementor-element-879f54a elementor-invisible elementor-widget elementor-widget-text-editor\" data-id=\"879f54a\" data-element_type=\"widget\" data-e-type=\"widget\" data-settings=\"{&quot;_animation&quot;:&quot;fadeIn&quot;,&quot;_animation_delay&quot;:300}\" data-widget_type=\"text-editor.default\">\n\t\t\t\t<div class=\"elementor-widget-container\">\n\t\t\t\t\t\t\t\t\tPARTENER GOLD\t\t\t\t\t\t\t\t<\/div>\n\t\t\t\t<\/div>\n\t\t\t\t<\/div>\n\t\t\t\t<\/div>\n\t\t<div class=\"elementor-element elementor-element-0efc346 e-con-full e-flex e-con e-child\" data-id=\"0efc346\" data-element_type=\"container\" data-e-type=\"container\">\n\t\t\t\t<div class=\"elementor-element elementor-element-97e4da2 elementor-invisible elementor-widget elementor-widget-text-editor\" data-id=\"97e4da2\" data-element_type=\"widget\" data-e-type=\"widget\" data-settings=\"{&quot;_animation&quot;:&quot;fadeIn&quot;,&quot;_animation_delay&quot;:900}\" data-widget_type=\"text-editor.default\">\n\t\t\t\t<div class=\"elementor-widget-container\">\n\t\t\t\t\t\t\t\t\tContribu\u0163ie: 10.000+ EUR\t\t\t\t\t\t\t\t<\/div>\n\t\t\t\t<\/div>\n\t\t\t\t<div class=\"elementor-element elementor-element-6cf6b27 elementor-invisible elementor-widget elementor-widget-text-editor\" data-id=\"6cf6b27\" data-element_type=\"widget\" data-e-type=\"widget\" data-settings=\"{&quot;_animation&quot;:&quot;fadeIn&quot;,&quot;_animation_delay&quot;:900}\" data-widget_type=\"text-editor.default\">\n\t\t\t\t<div class=\"elementor-widget-container\">\n\t\t\t\t\t\t\t\t\t365 de zile de oportunit\u0103\u0163i \u0219i schimbare \u2013 Ca Partener Gold, contribui\u0163i la sus\u0163inerea\na 40 de tineri liceeni din medii defavorizate, oferindu-le burse, consiliere psihologic\u0103\n\u0219i orientare voca\u0163ional\u0103, pentru ca ei s\u0103 \u00ee\u0219i poat\u0103 continua studiile \u0219i s\u0103 \u00ee\u0219i cl\u0103deasc\u0103\nun viitor mai bun.\t\t\t\t\t\t\t\t<\/div>\n\t\t\t\t<\/div>\n\t\t\t\t<\/div>\n\t\t\t\t\t<\/div>\n\t\t\t\t<\/div>\n\t\t<div class=\"elementor-element elementor-element-3a53d21 e-flex e-con-boxed e-con e-parent\" data-id=\"3a53d21\" data-element_type=\"container\" data-e-type=\"container\">\n\t\t\t\t\t<div class=\"e-con-inner\">\n\t\t<div class=\"elementor-element elementor-element-df872ea e-con-full e-flex e-con e-child\" data-id=\"df872ea\" data-element_type=\"container\" data-e-type=\"container\">\n\t\t<div class=\"elementor-element elementor-element-5d6b3dc e-con-full e-flex e-con e-child\" data-id=\"5d6b3dc\" data-element_type=\"container\" data-e-type=\"container\">\n\t\t\t\t<div class=\"elementor-element elementor-element-e5abc63 elementor-invisible elementor-widget elementor-widget-text-editor\" data-id=\"e5abc63\" data-element_type=\"widget\" data-e-type=\"widget\" data-settings=\"{&quot;_animation&quot;:&quot;fadeIn&quot;,&quot;_animation_delay&quot;:300}\" data-widget_type=\"text-editor.default\">\n\t\t\t\t<div class=\"elementor-widget-container\">\n\t\t\t\t\t\t\t\t\tPARTENER SILVER\t\t\t\t\t\t\t\t<\/div>\n\t\t\t\t<\/div>\n\t\t\t\t<\/div>\n\t\t\t\t<\/div>\n\t\t<div class=\"elementor-element elementor-element-53701bd e-con-full e-flex e-con e-child\" data-id=\"53701bd\" data-element_type=\"container\" data-e-type=\"container\">\n\t\t\t\t<div class=\"elementor-element elementor-element-0ed83e8 elementor-invisible elementor-widget elementor-widget-text-editor\" data-id=\"0ed83e8\" data-element_type=\"widget\" data-e-type=\"widget\" data-settings=\"{&quot;_animation&quot;:&quot;fadeIn&quot;,&quot;_animation_delay&quot;:900}\" data-widget_type=\"text-editor.default\">\n\t\t\t\t<div class=\"elementor-widget-container\">\n\t\t\t\t\t\t\t\t\tContribu\u0163ie: 5.000+ EUR\t\t\t\t\t\t\t\t<\/div>\n\t\t\t\t<\/div>\n\t\t\t\t<div class=\"elementor-element elementor-element-ea2ba2a elementor-invisible elementor-widget elementor-widget-text-editor\" data-id=\"ea2ba2a\" data-element_type=\"widget\" data-e-type=\"widget\" data-settings=\"{&quot;_animation&quot;:&quot;fadeIn&quot;,&quot;_animation_delay&quot;:900}\" data-widget_type=\"text-editor.default\">\n\t\t\t\t<div class=\"elementor-widget-container\">\n\t\t\t\t\t\t\t\t\t365 de zile de transformare \u2013 Ca Partener Silver, contribui\u0163i la sus\u0163inerea s\u0103n\u0103t\u0103\u0163ii\nmintale a copiilor din medii defavorizate, oferindu-le sprijin psihologic \u0219i activit\u0103\u0163i\neduca\u0163ionale care \u00eei ajut\u0103 s\u0103 \u00ee\u0219i construiasc\u0103 un viitor mai echilibrat \u0219i mai s\u0103n\u0103tos.\t\t\t\t\t\t\t\t<\/div>\n\t\t\t\t<\/div>\n\t\t\t\t<\/div>\n\t\t\t\t\t<\/div>\n\t\t\t\t<\/div>\n\t\t<div class=\"elementor-element elementor-element-63f58a5 e-flex e-con-boxed e-con e-parent\" data-id=\"63f58a5\" data-element_type=\"container\" data-e-type=\"container\">\n\t\t\t\t\t<div class=\"e-con-inner\">\n\t\t<div class=\"elementor-element elementor-element-f49874a e-con-full e-flex e-con e-child\" data-id=\"f49874a\" data-element_type=\"container\" data-e-type=\"container\">\n\t\t<div class=\"elementor-element elementor-element-cf09de9 e-con-full e-flex e-con e-child\" data-id=\"cf09de9\" data-element_type=\"container\" data-e-type=\"container\">\n\t\t\t\t<div class=\"elementor-element elementor-element-8cbf73f elementor-invisible elementor-widget elementor-widget-text-editor\" data-id=\"8cbf73f\" data-element_type=\"widget\" data-e-type=\"widget\" data-settings=\"{&quot;_animation&quot;:&quot;fadeIn&quot;,&quot;_animation_delay&quot;:300}\" data-widget_type=\"text-editor.default\">\n\t\t\t\t<div class=\"elementor-widget-container\">\n\t\t\t\t\t\t\t\t\tPARTENER ORGANIZARE\t\t\t\t\t\t\t\t<\/div>\n\t\t\t\t<\/div>\n\t\t\t\t<\/div>\n\t\t\t\t<\/div>\n\t\t<div class=\"elementor-element elementor-element-f3bbcde e-con-full e-flex e-con e-child\" data-id=\"f3bbcde\" data-element_type=\"container\" data-e-type=\"container\">\n\t\t\t\t<div class=\"elementor-element elementor-element-aba8bfa elementor-invisible elementor-widget elementor-widget-text-editor\" data-id=\"aba8bfa\" data-element_type=\"widget\" data-e-type=\"widget\" data-settings=\"{&quot;_animation&quot;:&quot;fadeIn&quot;,&quot;_animation_delay&quot;:900}\" data-widget_type=\"text-editor.default\">\n\t\t\t\t<div class=\"elementor-widget-container\">\n\t\t\t\t\t\t\t\t\tContribu\u0163ii \u00een bunuri \u0219i servicii\t\t\t\t\t\t\t\t<\/div>\n\t\t\t\t<\/div>\n\t\t\t\t<div class=\"elementor-element elementor-element-7c22212 elementor-invisible elementor-widget elementor-widget-text-editor\" data-id=\"7c22212\" data-element_type=\"widget\" data-e-type=\"widget\" data-settings=\"{&quot;_animation&quot;:&quot;fadeIn&quot;,&quot;_animation_delay&quot;:900}\" data-widget_type=\"text-editor.default\">\n\t\t\t\t<div class=\"elementor-widget-container\">\n\t\t\t\t\t\t\t\t\t365 de zile de impact &#8211; Ca Partener Logistic, contribui\u0163i direct la realizarea\nevenimentului Balul de La Castel, oferind bunuri \u0219i servicii esen\u0163iale f\u0103r\u0103 de care\nacest eveniment nu ar fi posibil.\t\t\t\t\t\t\t\t<\/div>\n\t\t\t\t<\/div>\n\t\t\t\t<\/div>\n\t\t\t\t\t<\/div>\n\t\t\t\t<\/div>\n\t\t\t\t<\/div>","protected":false},"excerpt":{"rendered":"<p>Pachete de sponsorizareBalul de La Castel reprezint\u0103 un cadru distinct dedicat responsabilit\u0103\u0163ii sociale, \u00een care companiile \u00ee\u0219i pot armoniza valorile cu sprijinul unor cauze importante pentru comunitate. Prin implicare, fiecare partener contribuie \u00een mod direct la \u00eembun\u0103t\u0103\u0163irea vie\u0163ilor copiilor \u0219i tinerilor vulnerabili \u0219i se al\u0103tur\u0103 unui demers cu impact real \u0219i durabil.PARTENER PRINCIPALPartener unic Contribu\u0163ie: [&hellip;]<\/p>\n","protected":false},"author":2,"featured_media":0,"parent":0,"menu_order":0,"comment_status":"closed","ping_status":"closed","template":"","meta":{"_acf_changed":false,"footnotes":""},"class_list":["post-2603","page","type-page","status-publish","hentry"],"acf":[],"yoast_head":"<!-- This site is optimized with the Yoast SEO plugin v27.5 - https:\/\/yoast.com\/product\/yoast-seo-wordpress\/ -->\n<title>Pachete sponsorizare - Balul de la Castel<\/title>\n<meta name=\"robots\" content=\"index, follow, max-snippet:-1, max-image-preview:large, max-video-preview:-1\" \/>\n<link rel=\"canonical\" href=\"https:\/\/baluldelacastel.bethany.ro\/en\/pachete-sponsorizare\/\" \/>\n<meta property=\"og:locale\" content=\"en_GB\" \/>\n<meta property=\"og:type\" content=\"article\" \/>\n<meta property=\"og:title\" content=\"Pachete sponsorizare - Balul de la Castel\" \/>\n<meta property=\"og:description\" content=\"Pachete de sponsorizareBalul de La Castel reprezint\u0103 un cadru distinct dedicat responsabilit\u0103\u0163ii sociale, \u00een care companiile \u00ee\u0219i pot armoniza valorile cu sprijinul unor cauze importante pentru comunitate. Prin implicare, fiecare partener contribuie \u00een mod direct la \u00eembun\u0103t\u0103\u0163irea vie\u0163ilor copiilor \u0219i tinerilor vulnerabili \u0219i se al\u0103tur\u0103 unui demers cu impact real \u0219i durabil.PARTENER PRINCIPALPartener unic Contribu\u0163ie: [&hellip;]\" \/>\n<meta property=\"og:url\" content=\"https:\/\/baluldelacastel.bethany.ro\/en\/pachete-sponsorizare\/\" \/>\n<meta property=\"og:site_name\" content=\"Balul de la Castel\" \/>\n<meta property=\"article:publisher\" content=\"https:\/\/www.instagram.com\/balul_de_la_castel\/\" \/>\n<meta property=\"article:modified_time\" content=\"2026-03-26T19:42:23+00:00\" \/>\n<meta name=\"twitter:card\" content=\"summary_large_image\" \/>\n<meta name=\"twitter:label1\" content=\"Estimated reading time\" \/>\n\t<meta name=\"twitter:data1\" content=\"2 minutes\" \/>\n<script type=\"application\/ld+json\" class=\"yoast-schema-graph\">{\"@context\":\"https:\\\/\\\/schema.org\",\"@graph\":[{\"@type\":\"WebPage\",\"@id\":\"https:\\\/\\\/baluldelacastel.bethany.ro\\\/pachete-sponsorizare\\\/\",\"url\":\"https:\\\/\\\/baluldelacastel.bethany.ro\\\/pachete-sponsorizare\\\/\",\"name\":\"Pachete sponsorizare - Balul de la Castel\",\"isPartOf\":{\"@id\":\"https:\\\/\\\/baluldelacastel.bethany.ro\\\/#website\"},\"datePublished\":\"2026-03-26T19:25:44+00:00\",\"dateModified\":\"2026-03-26T19:42:23+00:00\",\"breadcrumb\":{\"@id\":\"https:\\\/\\\/baluldelacastel.bethany.ro\\\/pachete-sponsorizare\\\/#breadcrumb\"},\"inLanguage\":\"en-GB\",\"potentialAction\":[{\"@type\":\"ReadAction\",\"target\":[\"https:\\\/\\\/baluldelacastel.bethany.ro\\\/pachete-sponsorizare\\\/\"]}]},{\"@type\":\"BreadcrumbList\",\"@id\":\"https:\\\/\\\/baluldelacastel.bethany.ro\\\/pachete-sponsorizare\\\/#breadcrumb\",\"itemListElement\":[{\"@type\":\"ListItem\",\"position\":1,\"name\":\"Home\",\"item\":\"https:\\\/\\\/baluldelacastel.bethany.ro\\\/\"},{\"@type\":\"ListItem\",\"position\":2,\"name\":\"Pachete sponsorizare\"}]},{\"@type\":\"WebSite\",\"@id\":\"https:\\\/\\\/baluldelacastel.bethany.ro\\\/#website\",\"url\":\"https:\\\/\\\/baluldelacastel.bethany.ro\\\/\",\"name\":\"Balul de la Castel\",\"description\":\"Bethany\",\"publisher\":{\"@id\":\"https:\\\/\\\/baluldelacastel.bethany.ro\\\/#organization\"},\"potentialAction\":[{\"@type\":\"SearchAction\",\"target\":{\"@type\":\"EntryPoint\",\"urlTemplate\":\"https:\\\/\\\/baluldelacastel.bethany.ro\\\/?s={search_term_string}\"},\"query-input\":{\"@type\":\"PropertyValueSpecification\",\"valueRequired\":true,\"valueName\":\"search_term_string\"}}],\"inLanguage\":\"en-GB\"},{\"@type\":\"Organization\",\"@id\":\"https:\\\/\\\/baluldelacastel.bethany.ro\\\/#organization\",\"name\":\"Bethany\",\"url\":\"https:\\\/\\\/baluldelacastel.bethany.ro\\\/\",\"logo\":{\"@type\":\"ImageObject\",\"inLanguage\":\"en-GB\",\"@id\":\"https:\\\/\\\/baluldelacastel.bethany.ro\\\/#\\\/schema\\\/logo\\\/image\\\/\",\"url\":\"https:\\\/\\\/baluldelacastel.bethany.ro\\\/wp-content\\\/uploads\\\/2024\\\/07\\\/Asset-1_1.png\",\"contentUrl\":\"https:\\\/\\\/baluldelacastel.bethany.ro\\\/wp-content\\\/uploads\\\/2024\\\/07\\\/Asset-1_1.png\",\"width\":597,\"height\":336,\"caption\":\"Bethany\"},\"image\":{\"@id\":\"https:\\\/\\\/baluldelacastel.bethany.ro\\\/#\\\/schema\\\/logo\\\/image\\\/\"},\"sameAs\":[\"https:\\\/\\\/www.instagram.com\\\/balul_de_la_castel\\\/\"]}]}<\/script>\n<!-- \/ Yoast SEO plugin. -->","yoast_head_json":{"title":"Pachete sponsorizare - Balul de la Castel","robots":{"index":"index","follow":"follow","max-snippet":"max-snippet:-1","max-image-preview":"max-image-preview:large","max-video-preview":"max-video-preview:-1"},"canonical":"https:\/\/baluldelacastel.bethany.ro\/en\/pachete-sponsorizare\/","og_locale":"en_GB","og_type":"article","og_title":"Pachete sponsorizare - Balul de la Castel","og_description":"Pachete de sponsorizareBalul de La Castel reprezint\u0103 un cadru distinct dedicat responsabilit\u0103\u0163ii sociale, \u00een care companiile \u00ee\u0219i pot armoniza valorile cu sprijinul unor cauze importante pentru comunitate. Prin implicare, fiecare partener contribuie \u00een mod direct la \u00eembun\u0103t\u0103\u0163irea vie\u0163ilor copiilor \u0219i tinerilor vulnerabili \u0219i se al\u0103tur\u0103 unui demers cu impact real \u0219i durabil.PARTENER PRINCIPALPartener unic Contribu\u0163ie: [&hellip;]","og_url":"https:\/\/baluldelacastel.bethany.ro\/en\/pachete-sponsorizare\/","og_site_name":"Balul de la Castel","article_publisher":"https:\/\/www.instagram.com\/balul_de_la_castel\/","article_modified_time":"2026-03-26T19:42:23+00:00","twitter_card":"summary_large_image","twitter_misc":{"Estimated reading time":"2 minutes"},"schema":{"@context":"https:\/\/schema.org","@graph":[{"@type":"WebPage","@id":"https:\/\/baluldelacastel.bethany.ro\/pachete-sponsorizare\/","url":"https:\/\/baluldelacastel.bethany.ro\/pachete-sponsorizare\/","name":"Pachete sponsorizare - Balul de la Castel","isPartOf":{"@id":"https:\/\/baluldelacastel.bethany.ro\/#website"},"datePublished":"2026-03-26T19:25:44+00:00","dateModified":"2026-03-26T19:42:23+00:00","breadcrumb":{"@id":"https:\/\/baluldelacastel.bethany.ro\/pachete-sponsorizare\/#breadcrumb"},"inLanguage":"en-GB","potentialAction":[{"@type":"ReadAction","target":["https:\/\/baluldelacastel.bethany.ro\/pachete-sponsorizare\/"]}]},{"@type":"BreadcrumbList","@id":"https:\/\/baluldelacastel.bethany.ro\/pachete-sponsorizare\/#breadcrumb","itemListElement":[{"@type":"ListItem","position":1,"name":"Home","item":"https:\/\/baluldelacastel.bethany.ro\/"},{"@type":"ListItem","position":2,"name":"Pachete sponsorizare"}]},{"@type":"WebSite","@id":"https:\/\/baluldelacastel.bethany.ro\/#website","url":"https:\/\/baluldelacastel.bethany.ro\/","name":"Balul de la Castel","description":"Bethany","publisher":{"@id":"https:\/\/baluldelacastel.bethany.ro\/#organization"},"potentialAction":[{"@type":"SearchAction","target":{"@type":"EntryPoint","urlTemplate":"https:\/\/baluldelacastel.bethany.ro\/?s={search_term_string}"},"query-input":{"@type":"PropertyValueSpecification","valueRequired":true,"valueName":"search_term_string"}}],"inLanguage":"en-GB"},{"@type":"Organization","@id":"https:\/\/baluldelacastel.bethany.ro\/#organization","name":"Bethany","url":"https:\/\/baluldelacastel.bethany.ro\/","logo":{"@type":"ImageObject","inLanguage":"en-GB","@id":"https:\/\/baluldelacastel.bethany.ro\/#\/schema\/logo\/image\/","url":"https:\/\/baluldelacastel.bethany.ro\/wp-content\/uploads\/2024\/07\/Asset-1_1.png","contentUrl":"https:\/\/baluldelacastel.bethany.ro\/wp-content\/uploads\/2024\/07\/Asset-1_1.png","width":597,"height":336,"caption":"Bethany"},"image":{"@id":"https:\/\/baluldelacastel.bethany.ro\/#\/schema\/logo\/image\/"},"sameAs":["https:\/\/www.instagram.com\/balul_de_la_castel\/"]}]}},"_links":{"self":[{"href":"https:\/\/baluldelacastel.bethany.ro\/en\/wp-json\/wp\/v2\/pages\/2603","targetHints":{"allow":["GET"]}}],"collection":[{"href":"https:\/\/baluldelacastel.bethany.ro\/en\/wp-json\/wp\/v2\/pages"}],"about":[{"href":"https:\/\/baluldelacastel.bethany.ro\/en\/wp-json\/wp\/v2\/types\/page"}],"author":[{"embeddable":true,"href":"https:\/\/baluldelacastel.bethany.ro\/en\/wp-json\/wp\/v2\/users\/2"}],"replies":[{"embeddable":true,"href":"https:\/\/baluldelacastel.bethany.ro\/en\/wp-json\/wp\/v2\/comments?post=2603"}],"version-history":[{"count":34,"href":"https:\/\/baluldelacastel.bethany.ro\/en\/wp-json\/wp\/v2\/pages\/2603\/revisions"}],"predecessor-version":[{"id":2640,"href":"https:\/\/baluldelacastel.bethany.ro\/en\/wp-json\/wp\/v2\/pages\/2603\/revisions\/2640"}],"wp:attachment":[{"href":"https:\/\/baluldelacastel.bethany.ro\/en\/wp-json\/wp\/v2\/media?parent=2603"}],"curies":[{"name":"wp","href":"https:\/\/api.w.org\/{rel}","templated":true}]}}